{"id":2,"date":"2016-11-02T08:17:40","date_gmt":"2016-11-02T08:17:40","guid":{"rendered":"http:\/\/www.sorhea.sk\/?page_id=2"},"modified":"2018-09-28T09:11:15","modified_gmt":"2018-09-28T09:11:15","slug":"sample-page","status":"publish","type":"page","link":"https:\/\/www.sorhea.sk\/","title":{"rendered":"Sample Page"},"content":{"rendered":"<p>[vc_row][vc_column width=&#8221;1\/1&#8243;][vc_column_text css_animation=&#8221;bottom-t-top&#8221;]Zabezpe\u010dovacie syst\u00e9my franc\u00fazskeho v\u00fdrobcu SORHEA (1987) , s\u00fa ur\u010den\u00e9 na pl\u00e1\u0161tov\u00fa alebo obvodov\u00fa ochranu objektov. Vyu\u017e\u00edvaj\u00fa detekciu vibr\u00e1ci\u00ed vznikaj\u00facich pri preliezan\u00ed, prestrih\u00e1van\u00ed alebo inom mechanickom naru\u0161en\u00ed plota, obvodov\u00e9ho pl\u00e1\u0161\u0165a. Syst\u00e9my umo\u017e\u0148uj\u00fa presn\u00fa identifik\u00e1ciu vzniknut\u00e9ho poplachu a\u00a0prepojenie na CCTV kamerov\u00fd syst\u00e9m alebo zabezpe\u010dovaciu \u00fastred\u0148u EZS. V\u00fdhodou syst\u00e9mov perimetrick\u00e9j ochrany je v\u010dasn\u00e9 varovanie pred naru\u0161en\u00edm chr\u00e1nen\u00e9ho priestoru neopr\u00e1vnenou osobou sk\u00f4r ako m\u00f4\u017ee d\u00f4js\u0165 k\u00a0po\u0161kodeniu str\u00e1\u017een\u00e9ho majetku.<\/p>\n<p>V\u010faka trvalo vysoko inovat\u00edvnemu pr\u00edstupu pon\u00faka produkty prin\u00e1\u0161aj\u00face ich pou\u017e\u00edvate\u013eom maxim\u00e1lnu \u00fa\u017eitkov\u00fa hodnotu. Svoje uplatnenie nach\u00e1dza v \u0161irokom spektre aplik\u00e1ci\u00ed nielen v civilnom sektore.[\/vc_column_text][\/vc_column][\/vc_row][vc_row row_height_percent=&#8221;0&#8243; overlay_alpha=&#8221;50&#8243; gutter_size=&#8221;3&#8243; shift_y=&#8221;0&#8243; row_name=&#8221;produkty&#8221;][vc_column width=&#8221;1\/3&#8243;][vc_custom_heading css_animation=&#8221;left-t-right&#8221;]G-WALL[\/vc_custom_heading][vc_column_text css_animation=&#8221;left-t-right&#8221; animation_delay=&#8221;100&#8243;]<\/p>\n<blockquote><p>Z\u00f3nov\u00e1 stenov\u00e1 perimetrick\u00e1 ochrana<\/p><\/blockquote>\n<p>Syst\u00e9m perimetrickej pl\u00e1\u0161\u0165ovej ochrany franc\u00fazskeho v\u00fdrobcu Sorhea je navrhnut\u00fd pre sledovanie pr\u00edpadn\u00e9ho naru\u0161enia vonkaj\u0161\u00edch stien str\u00e1\u017een\u00fdch objektov, ktor\u00e9 m\u00f4\u017eu by\u0165 z celej \u0161k\u00e1ly materi\u00e1lov vr\u00e1tane plechu, teh\u00e1l, dreva alebo panelu. V\u010faka kon\u0161trukcii detek\u010dn\u00e9ho k\u00e1bla osaden\u00e9ho akcelerometrick\u00fdmi sn\u00edma\u010dmi je mo\u017en\u00e9 identifikova\u0165 a lokalizova\u0165 v\u00fdskyt ne\u017eiaducich stavov ak\u00fdmi m\u00f4\u017eu by\u0165 napr\u00edklad v\u0155tanie, b\u00faranie, otrasy a in\u00e9 mechanick\u00e9 deform\u00e1cie. Priestorov\u00fa konfigur\u00e1ciu syst\u00e9mu je mo\u017en\u00e9 vykona\u0165 pod\u013ea konkr\u00e9tnych po\u017eiadaviek a dispoz\u00edci\u00ed. Nastavenie prebieha prostredn\u00edctvom webov\u00e9ho rozhrania alebo \u0161peci\u00e1lneho softv\u00e9ru.<\/p>\n<p>Kontrol\u00e9r umo\u017e\u0148uje zapojenie dvoch vetiev detek\u010dn\u00e9ho k\u00e1bla <a href=\"https:\/\/www.tssgroup.sk\/sorhea-senscab-gwall-set-detekcneho-kabla-pre-zonovy-stenovy-system\/\">SENSCAB GWALL\u00a0 <\/a>(zostava do 3x 100 m). Pomocou \u010dlenu <a href=\"https:\/\/www.tssgroup.sk\/sorhea-gwall-ur-ut-prepojovaci-ukoncovaci-clen-detekcnych-kablov\/\">GWALL UR\/UT<\/a> je mo\u017en\u00e9 jednu vetvu zapoji\u0165 a\u017e 3x za sebou. Komunik\u00e1cia prebieha cez RS485 a TCP\/IP. Nastavenie je mo\u017en\u00e9 vykon\u00e1va\u0165 vo webovom prehliada\u010di alebo cez softv\u00e9r.[\/vc_column_text][vc_single_image media=&#8221;38&#8243; media_width_percent=&#8221;100&#8243; css_animation=&#8221;alpha-anim&#8221;][vc_button border_animation=&#8221;btn-ripple-out&#8221; icon_position=&#8221;right&#8221; css_animation=&#8221;top-t-bottom&#8221; link=&#8221;url:https%3A%2F%2Fwww.tssgroup.sk%2Fprodukty%2Fzabezpecenie-objektov%2Fperimetricka-ochrana%2Fplastova-ochrana%2F||target:%20_blank&#8221; icon=&#8221;fa fa-media-play-outline&#8221;]VIAC[\/vc_button][vc_single_image media=&#8221;20&#8243; media_width_percent=&#8221;100&#8243;][\/vc_column][vc_column width=&#8221;1\/3&#8243;][vc_custom_heading css_animation=&#8221;left-t-right&#8221; animation_delay=&#8221;200&#8243;]G-FENCE 600Z[\/vc_custom_heading][vc_column_text css_animation=&#8221;left-t-right&#8221; animation_delay=&#8221;300&#8243;]<\/p>\n<blockquote><p>Z\u00f3nov\u00e1 plotov\u00e1 perimetrick\u00e1 ochrana<\/p><\/blockquote>\n<p>Syst\u00e9m perimetrickej plotovej z\u00f3novej ochrany franc\u00fazskeho v\u00fdrobcu Sorhea je navrhnut\u00fd pre sledovanie pr\u00edpadn\u00e9ho naru\u0161enia vonkaj\u0161ieho oplotenia str\u00e1\u017een\u00e9ho objektu. V\u010faka kon\u0161trukcii detek\u010dn\u00e9ho k\u00e1bla osaden\u00e9ho akcelerometrick\u00fdmi sn\u00edma\u010dmi je mo\u017en\u00e9 identifikova\u0165 a lokalizova\u0165 v\u00fdskyt ne\u017eiaducich stavov ak\u00fdmi m\u00f4\u017eu by\u0165 napr\u00edklad pokusy o prelezenie, prestrihnutie, v\u00fdskyt otrasov a in\u00e9 manipul\u00e1cie s oploten\u00edm. Priestorov\u00fa konfigur\u00e1ciu syst\u00e9mu je mo\u017en\u00e9 vykona\u0165 pod\u013ea konkr\u00e9tnych po\u017eiadaviek a dispoz\u00edci\u00ed. Nastavenie prebieha prostredn\u00edctvom webov\u00e9ho rozhrania alebo \u0161peci\u00e1lneho softv\u00e9ru.<\/p>\n<p>Kontrol\u00e9r umo\u017e\u0148uje zapojenie dvoch vetiev detek\u010dn\u00e9ho k\u00e1bla <a href=\"https:\/\/www.tssgroup.sk\/sorhea-senscab-600z-set-detekcneho-kabla-pre-plotovy-perimetricky-system\/\">SENSCAB 600Z<\/a>. Pomocou \u010dlenu <a href=\"https:\/\/www.tssgroup.sk\/sorhea-ur-ut-prepojovaci-ukoncovaci-clen-detekcnych-kablov\/\">UR\/UT<\/a> je mo\u017en\u00e9 jednu vetvu zapoji\u0165 a\u017e 3x za sebou a dosiahnu\u0165 tak z\u00f3nov\u00e9 ochrany 600m s jedn\u00fdm kontrol\u00e9rom. K dispoz\u00edcii je 10 rel\u00e9 v\u00fdstupov pre alarmov\u00e9 z\u00f3ny. Komunik\u00e1cia prebieha cez RS485 a TCP\/IP. Nastavenie je mo\u017en\u00e9 vykon\u00e1va\u0165 vo webovom prehliada\u010di alebo cez softv\u00e9r. Samozrejmos\u0165ou je vonkaj\u0161ie prevedenie.[\/vc_column_text][vc_single_image media=&#8221;54&#8243; media_width_percent=&#8221;100&#8243; css_animation=&#8221;alpha-anim&#8221; animation_delay=&#8221;200&#8243;][vc_button border_animation=&#8221;btn-ripple-out&#8221; icon_position=&#8221;right&#8221; css_animation=&#8221;top-t-bottom&#8221; animation_delay=&#8221;200&#8243; link=&#8221;url:https%3A%2F%2Fwww.tssgroup.sk%2Fprodukty%2Fzabezpecenie-objektov%2Fperimetricka-ochrana%2Fplotova-ochrana-zonova%2F||target:%20_blank&#8221; icon=&#8221;fa fa-media-play-outline&#8221;]VIAC[\/vc_button][\/vc_column][vc_column width=&#8221;1\/3&#8243;][vc_custom_heading css_animation=&#8221;left-t-right&#8221; animation_delay=&#8221;400&#8243;]G-FENCE 3000[\/vc_custom_heading][vc_column_text css_animation=&#8221;left-t-right&#8221; animation_delay=&#8221;500&#8243;]<\/p>\n<blockquote><p>Adresn\u00e1 plotov\u00e1 perimetrick\u00e1 ochrana<\/p><\/blockquote>\n<p>Syst\u00e9m perimetrickej plotovej adresnej ochrany franc\u00fazskeho v\u00fdrobcu Sorhea je navrhnut\u00fd pre sledovanie pr\u00edpadn\u00e9ho naru\u0161enia vonkaj\u0161ieho oplotenia str\u00e1\u017een\u00e9ho objektu. V\u010faka kon\u0161trukcii detek\u010dn\u00e9ho k\u00e1bla osaden\u00e9ho akcelerometrick\u00fdmi sn\u00edma\u010dmi je mo\u017en\u00e9 identifikova\u0165 a predov\u0161etk\u00fdm s\u00a0vysokou mierou presnosti lokalizova\u0165 v\u00fdskyt ne\u017eiaducich stavov ak\u00fdmi m\u00f4\u017eu by\u0165 napr\u00edklad pokusy o\u00a0prelezenie, prestrihnutie, v\u00fdskyt otrasov a in\u00e9 manipul\u00e1cie s oploten\u00edm. Priestorov\u00fa konfigur\u00e1ciu syst\u00e9mu je mo\u017en\u00e9 vykona\u0165 pod\u013ea konkr\u00e9tnych po\u017eiadaviek a dispoz\u00edci\u00ed. Nastavenie prebieha prostredn\u00edctvom webov\u00e9ho rozhrania alebo \u0161peci\u00e1lneho softv\u00e9ru. K zv\u00fd\u0161eniu celkovej robustnosti a\u00a0flexibility syst\u00e9mu prispieva napr\u00edklad tie\u017e osadenie jednotiek kontrol\u00e9rov sol\u00e1rnym nap\u00e1jan\u00edm.<\/p>\n<p>Adresn\u00fd kontrol\u00e9r pre perimetrick\u00fd plotov\u00fd syst\u00e9m. Pomocou detek\u010dn\u00e9ho k\u00e1bla <a href=\"https:\/\/www.tssgroup.sk\/sorhea-senscab-3000-set-detekcneho-kabla-pre-plotovy-adresny-system\/\">SENSCAB 3000<\/a> je mo\u017en\u00e9 detekova\u0165 preliezanie, prestrih\u00e1vanie, otrasy a in\u00e9 mechanick\u00e9 manipul\u00e1cie. Kontrol\u00e9r m\u00e1 dva vstupy pre detek\u010dn\u00fd k\u00e1bel. Komunik\u00e1cia s riadiacou jednotkou <a href=\"https:\/\/www.tssgroup.sk\/sorhea-maxibus-013-riadiaca-jednotka-plotoveho-adresneho-systemu\/\">MAXIBUS<\/a> prebieha po zbernici RS485. Extern\u00e9 nap\u00e1janie kombinovan\u00e9 so sol\u00e1rnymi panelmi napojen\u00fdmi na bat\u00e9riu napom\u00e1haj\u00fa bezprobl\u00e9mov\u00e9mu a energeticky nen\u00e1ro\u010dn\u00e9mu chodu. V\u00fdhodou s\u00fa dva NC rel\u00e9 vstupy pre pripojenie extern\u00fdch detektorov napr. PIR.[\/vc_column_text][vc_single_image media=&#8221;53&#8243; media_width_percent=&#8221;100&#8243; css_animation=&#8221;alpha-anim&#8221; animation_delay=&#8221;400&#8243;][vc_button border_animation=&#8221;btn-ripple-out&#8221; icon_position=&#8221;right&#8221; css_animation=&#8221;top-t-bottom&#8221; animation_delay=&#8221;400&#8243; link=&#8221;url:https%3A%2F%2Fwww.tssgroup.sk%2Fprodukty%2Fzabezpecenie-objektov%2Fperimetricka-ochrana%2Fplotova-ochrana-adresna%2F||target:%20_blank&#8221; icon=&#8221;fa fa-media-play-outline&#8221;]VIAC[\/vc_button][\/vc_column][\/vc_row][vc_row][vc_column column_width_percent=&#8221;100&#8243; align_horizontal=&#8221;align_center&#8221; overlay_alpha=&#8221;50&#8243; gutter_size=&#8221;3&#8243; medium_width=&#8221;0&#8243; shift_x=&#8221;0&#8243; shift_y=&#8221;0&#8243; z_index=&#8221;0&#8243; width=&#8221;1\/1&#8243;][vc_button css_animation=&#8221;bottom-t-top&#8221; animation_delay=&#8221;100&#8243; link=&#8221;url:http%3A%2F%2Fwww.sorhea.sk%2Fwp-content%2Fuploads%2F2018%2F08%2Fletak_sorhea1-low.pdf||&#8221;]Stiahnite si let\u00e1k \u25bc[\/vc_button][\/vc_column][\/vc_row][vc_row row_height_percent=&#8221;0&#8243; overlay_alpha=&#8221;50&#8243; gutter_size=&#8221;3&#8243; shift_y=&#8221;0&#8243; row_name=&#8221;kontakt&#8221;][vc_column width=&#8221;1\/1&#8243;][vc_custom_heading]Kontakt[\/vc_custom_heading][\/vc_column][\/vc_row][vc_row][vc_column width=&#8221;1\/3&#8243;][vc_column_text css_animation=&#8221;left-t-right&#8221;]<\/p>\n<h3>TSS Group a. s.,<br \/>\nDUBNICA NAD V\u00c1HOM<\/h3>\n<p><strong>Adresa:<\/strong><br \/>\nTov\u00e1rensk\u00e1 4201\/50<br \/>\n018 41 Dubnica nad V\u00e1hom<\/p>\n<p><strong>Kontakt:<\/strong><br \/>\nTel.: +421 32 744 59 21<br \/>\ne-mail: <a href=\"mailto:tssgroup@tssgroup.sk\">tssgroup@tssgroup.sk<\/a>[\/vc_column_text][\/vc_column][vc_column width=&#8221;1\/3&#8243;][vc_column_text css_animation=&#8221;left-t-right&#8221; animation_delay=&#8221;200&#8243;]<\/p>\n<h3>TSS Group a. s.,<br \/>\nBRATISLAVA<\/h3>\n<p><strong>Adresa:<\/strong><br \/>\nMlynsk\u00e9 Nivy 58<br \/>\n821\u00a005 Bratislava<\/p>\n<p><strong>Kontakt:<\/strong><br \/>\nTel.: +421 2 534 174 15<br \/>\ne-mail: <a href=\"mailto:bratislava@tssgroup.sk\">bratislava@tssgroup.sk<\/a>[\/vc_column_text][\/vc_column][vc_column width=&#8221;1\/3&#8243;][vc_column_text css_animation=&#8221;left-t-right&#8221; animation_delay=&#8221;400&#8243;]<\/p>\n<h3>TSS Group a. s.,<br \/>\nKO\u0160ICE<\/h3>\n<p><strong>Adresa:<\/strong><br \/>\nRozvojov\u00e1 2<br \/>\n040 11 Ko\u0161ice<\/p>\n<p><strong>Kontakt:<\/strong><br \/>\nTel.: +421 55 381 29 07<br \/>\ne-mail: <a href=\"mailto:kosice@tssgroup.sk\">kosice@tssgroup.sk<\/a>[\/vc_column_text][\/vc_column][\/vc_row][vc_row][vc_column width=&#8221;1\/1&#8243;][vc_empty_space empty_h=&#8221;2&#8243;][\/vc_column][\/vc_row]<\/p>\n","protected":false},"excerpt":{"rendered":"<p>[vc_row][vc_column width=&#8221;1\/1&#8243;][vc_column_text css_animation=&#8221;bottom-t-top&#8221;]Zabezpe\u010dovacie syst\u00e9my franc\u00fazskeho v\u00fdrobcu SORHEA (1987) , s\u00fa ur\u010den\u00e9 na pl\u00e1\u0161tov\u00fa alebo obvodov\u00fa ochranu objektov. Vyu\u017e\u00edvaj\u00fa detekciu vibr\u00e1ci\u00ed [&hellip;]<\/p>\n","protected":false},"author":1,"featured_media":0,"parent":0,"menu_order":0,"comment_status":"closed","ping_status":"open","template":"","meta":{"footnotes":""},"_links":{"self":[{"href":"https:\/\/www.sorhea.sk\/index.php?rest_route=\/wp\/v2\/pages\/2"}],"collection":[{"href":"https:\/\/www.sorhea.sk\/index.php?rest_route=\/wp\/v2\/pages"}],"about":[{"href":"https:\/\/www.sorhea.sk\/index.php?rest_route=\/wp\/v2\/types\/page"}],"author":[{"embeddable":true,"href":"https:\/\/www.sorhea.sk\/index.php?rest_route=\/wp\/v2\/users\/1"}],"replies":[{"embeddable":true,"href":"https:\/\/www.sorhea.sk\/index.php?rest_route=%2Fwp%2Fv2%2Fcomments&post=2"}],"version-history":[{"count":30,"href":"https:\/\/www.sorhea.sk\/index.php?rest_route=\/wp\/v2\/pages\/2\/revisions"}],"predecessor-version":[{"id":23,"href":"https:\/\/www.sorhea.sk\/index.php?rest_route=\/wp\/v2\/pages\/2\/revisions\/23"}],"wp:attachment":[{"href":"https:\/\/www.sorhea.sk\/index.php?rest_route=%2Fwp%2Fv2%2Fmedia&parent=2"}],"curies":[{"name":"wp","href":"https:\/\/api.w.org\/{rel}","templated":true}]}}